{"id":23,"date":"2022-11-21T08:11:52","date_gmt":"2022-11-21T07:11:52","guid":{"rendered":"https:\/\/www.gamringer-bedachungen.de\/gamringerbedachung\/?page_id=23"},"modified":"2025-10-16T17:00:56","modified_gmt":"2025-10-16T15:00:56","slug":"impressum-gamringer-bedachungen","status":"publish","type":"page","link":"https:\/\/www.gamringer-bedachungen.de\/?page_id=23","title":{"rendered":"Impressum"},"content":{"rendered":"<div id='av_section_1'  class='avia-section av-2vrnz-b48cb1125d1f4bea407d2798c1ebcab3 main_color avia-section-default avia-no-border-styling  avia-builder-el-0  avia-builder-el-no-sibling  avia-bg-style-scroll container_wrap sidebar_right'  ><div class='container av-section-cont-open' ><main  role=\"main\" itemprop=\"mainContentOfPage\"  class='template-page content  av-content-small alpha units'><div class='post-entry post-entry-type-page post-entry-23'><div class='entry-content-wrapper clearfix'>\n<div class='flex_column av-195v7-de15df5a0ac4bfa00360ef065013088f av_one_full  avia-builder-el-1  avia-builder-el-no-sibling  first flex_column_div '     ><section  class='av_textblock_section av-laqg5m1u-de11dc52d68ff46b5209cfec30dd6b54'  itemscope=\"itemscope\" itemtype=\"https:\/\/schema.org\/CreativeWork\" ><div class='avia_textblock'  itemprop=\"text\" ><h2>Impressum:<\/h2>\n<p>Gamringer GmbH<br \/>\ngesetzlich vertreten durch Gesch\u00e4ftsf\u00fchrer Johann Gamringer<br \/>\nUlmenweg 1<br \/>\n93189 Reichenbach<br \/>\nDeutschland<\/p>\n<p>Amtsgericht Regensburg HRB 15837<br \/>\nUSt-IdNr. DE311064259 nach \u00a7 27a UStG<\/p>\n<h2>Kontaktdaten:<\/h2>\n<p>Telefon:09464-911620<br \/>\nTelefax:09464-9519881<br \/>\nMobil:0160-4416203<\/p>\n<p><img alt=\"\" loading=\"lazy\" decoding=\"async\" class=\"alignnone size-medium wp-image-213\" src=\"https:\/\/www.gamringer-bedachungen.de\/wp-content\/uploads\/2025\/10\/Bildschirmfoto-2025-10-16-um-17.00.09-300x34.png\" alt=\"\" width=\"300\" height=\"34\" srcset=\"https:\/\/www.gamringer-bedachungen.de\/wp-content\/uploads\/2025\/10\/Bildschirmfoto-2025-10-16-um-17.00.09-300x34.png 300w, https:\/\/www.gamringer-bedachungen.de\/wp-content\/uploads\/2025\/10\/Bildschirmfoto-2025-10-16-um-17.00.09.png 652w\" sizes=\"auto, (max-width: 300px) 100vw, 300px\" \/><\/p>\n<p>Internet: www.gamringer-bedachungen.de<\/p>\n<h2>Haftungshinweis:<\/h2>\n<p>Die Gamringer GmbH ist bem\u00fcht, ihr Webangebot stets aktuell und inhaltlich richtig sowie vollst\u00e4ndig anzubieten. Die Gamringer GmbH \u00fcbernimmt jedoch keine Haftung f\u00fcr die Aktualit\u00e4t, die inhaltliche Richtigkeit und die Vollst\u00e4ndigkeit der in ihrem Webangebot eingestellten Informationen. Wir \u00fcbernehmen keine Gew\u00e4hr f\u00fcr die Nutzung unserer Web-Seiten und des Web-Angebots.<\/p>\n<p>Trotz sorgf\u00e4ltiger inhaltlicher Kontrolle \u00fcbernehmen wir keine Haftung f\u00fcr die Inhalte externer Links.<\/p>\n<p>F\u00fcr den Inhalt der verlinkten Seiten sind ausschlie\u00dflich deren Betreiber verantwortlich.<\/p>\n<p>Alle Rechte vorbehalten &#8211; \u00a9Gamringer GmbH<\/p>\n<p>Die Urheberrechte an den Inhalten dieser Website liegen vollst\u00e4ndig bei der Gamringer GmbH.<\/p>\n<p>Das inhaltliche Angebot dieser Website unterliegt einem generellen Kopierverbot. Alle Rechte, auch die der Wiedergabe, der Vervielf\u00e4ltigung und der Verbreitung (auch teilweise), bleiben vorbehalten.<\/p>\n<p>Alle Rechte an Markennamen und -begriffen, der von uns auf diesen Seiten genannten Namen und Begriffe, liegen bei den jeweiligen Markeninhabern.<\/p>\n<p>Die in der Website enthalten Bilder unterliegen dem Urheberrecht der Gamringer GmbH.<\/p>\n<\/div><\/section><\/div><\/div><\/div><\/main><!-- close content main element --><\/div><\/div><div id='after_section_1'  class='main_color av_default_container_wrap container_wrap sidebar_right'  ><div class='container av-section-cont-open' ><div class='template-page content  av-content-small alpha units'><div class='post-entry post-entry-type-page post-entry-23'><div class='entry-content-wrapper clearfix'>\n","protected":false},"excerpt":{"rendered":"","protected":false},"author":1,"featured_media":0,"parent":0,"menu_order":0,"comment_status":"closed","ping_status":"closed","template":"","meta":{"_seopress_robots_primary_cat":"","_seopress_titles_title":"","_seopress_titles_desc":"","_seopress_robots_index":"","footnotes":""},"class_list":["post-23","page","type-page","status-publish","hentry"],"_links":{"self":[{"href":"https:\/\/www.gamringer-bedachungen.de\/index.php?rest_route=\/wp\/v2\/pages\/23","targetHints":{"allow":["GET"]}}],"collection":[{"href":"https:\/\/www.gamringer-bedachungen.de\/index.php?rest_route=\/wp\/v2\/pages"}],"about":[{"href":"https:\/\/www.gamringer-bedachungen.de\/index.php?rest_route=\/wp\/v2\/types\/page"}],"author":[{"embeddable":true,"href":"https:\/\/www.gamringer-bedachungen.de\/index.php?rest_route=\/wp\/v2\/users\/1"}],"replies":[{"embeddable":true,"href":"https:\/\/www.gamringer-bedachungen.de\/index.php?rest_route=%2Fwp%2Fv2%2Fcomments&post=23"}],"version-history":[{"count":5,"href":"https:\/\/www.gamringer-bedachungen.de\/index.php?rest_route=\/wp\/v2\/pages\/23\/revisions"}],"predecessor-version":[{"id":214,"href":"https:\/\/www.gamringer-bedachungen.de\/index.php?rest_route=\/wp\/v2\/pages\/23\/revisions\/214"}],"wp:attachment":[{"href":"https:\/\/www.gamringer-bedachungen.de\/index.php?rest_route=%2Fwp%2Fv2%2Fmedia&parent=23"}],"curies":[{"name":"wp","href":"https:\/\/api.w.org\/{rel}","templated":true}]}}