{"id":2,"date":"2022-11-21T07:53:23","date_gmt":"2022-11-21T06:53:23","guid":{"rendered":"https:\/\/www.gamringer-bedachungen.de\/gamringerbedachung\/?page_id=2"},"modified":"2026-02-16T11:08:26","modified_gmt":"2026-02-16T10:08:26","slug":"beispiel-seite","status":"publish","type":"page","link":"https:\/\/www.gamringer-bedachungen.de\/","title":{"rendered":"Startseite"},"content":{"rendered":"<div id='av_section_1'  class='avia-section av-6zxs-aba8d472779881c6e945427221738dd8 main_color avia-section-default avia-no-border-styling  avia-builder-el-0  el_before_av_slideshow_full  avia-builder-el-first  avia-bg-style-scroll container_wrap sidebar_right'  ><div class='container av-section-cont-open' ><main  role=\"main\" itemprop=\"mainContentOfPage\"  class='template-page content  av-content-small alpha units'><div class='post-entry post-entry-type-page post-entry-2'><div class='entry-content-wrapper clearfix'>\n<\/div><\/div><\/main><!-- close content main element --><\/div><\/div><div id='full_slider_1'  class='avia-fullwidth-slider main_color avia-shadow   avia-builder-el-1  el_after_av_section  el_before_av_section   slider-not-first container_wrap sidebar_right'  ><div  class='avia-slideshow av-laqfy6zd-e856433cf72d06e836f2c1cce49f2196 avia-slideshow-featured av_slideshow_full avia-slide-slider av-slideshow-ui av-control-default av-slideshow-autoplay av-loop-endless av-loop-manual-endless av-default-height-applied   avia-slideshow-1' data-slideshow-options=\"{&quot;animation&quot;:&quot;slide&quot;,&quot;autoplay&quot;:true,&quot;loop_autoplay&quot;:&quot;endless&quot;,&quot;interval&quot;:4,&quot;loop_manual&quot;:&quot;manual-endless&quot;,&quot;autoplay_stopper&quot;:false,&quot;noNavigation&quot;:false,&quot;bg_slider&quot;:false,&quot;transitionSpeed&quot;:600,&quot;keep_padding&quot;:false,&quot;hoverpause&quot;:false,&quot;show_slide_delay&quot;:0}\"  itemprop=\"image\" itemscope=\"itemscope\" itemtype=\"https:\/\/schema.org\/ImageObject\" ><ul class='avia-slideshow-inner ' style='padding-bottom: 29.861111111111%;'><li  class='avia-slideshow-slide av-laqfy6zd-e856433cf72d06e836f2c1cce49f2196__0  slide-1 slide-odd'><div data-rel='slideshow-1' class='avia-slide-wrap '   ><img alt=\"\" alt=\"\" decoding=\"async\" class=\"wp-image-14 avia-img-lazy-loading-not-14\"  src=\"https:\/\/www.gamringer-bedachungen.de\/wp-content\/uploads\/2022\/11\/pool-1440x430.jpg\" width=\"1440\" height=\"430\" title='pool' alt=''  itemprop=\"thumbnailUrl\"   \/><\/div><\/li><li  class='avia-slideshow-slide av-laqfy6zd-e856433cf72d06e836f2c1cce49f2196__1  slide-2 slide-even'><div data-rel='slideshow-1' class='avia-slide-wrap '   ><img alt=\"\" alt=\"\" decoding=\"async\" class=\"wp-image-16 avia-img-lazy-loading-not-16\"  src=\"https:\/\/www.gamringer-bedachungen.de\/wp-content\/uploads\/2022\/11\/img-20190708-1-1500x430.jpg\" width=\"1500\" height=\"430\" title='' alt=''  itemprop=\"thumbnailUrl\" srcset=\"https:\/\/www.gamringer-bedachungen.de\/wp-content\/uploads\/2022\/11\/img-20190708-1-1500x430.jpg 1500w, https:\/\/www.gamringer-bedachungen.de\/wp-content\/uploads\/2022\/11\/img-20190708-1-300x86.jpg 300w, https:\/\/www.gamringer-bedachungen.de\/wp-content\/uploads\/2022\/11\/img-20190708-1-1030x295.jpg 1030w, https:\/\/www.gamringer-bedachungen.de\/wp-content\/uploads\/2022\/11\/img-20190708-1-768x220.jpg 768w, https:\/\/www.gamringer-bedachungen.de\/wp-content\/uploads\/2022\/11\/img-20190708-1-1536x440.jpg 1536w, https:\/\/www.gamringer-bedachungen.de\/wp-content\/uploads\/2022\/11\/img-20190708-1-705x202.jpg 705w, https:\/\/www.gamringer-bedachungen.de\/wp-content\/uploads\/2022\/11\/img-20190708-1.jpg 1920w\" sizes=\"(max-width: 1500px) 100vw, 1500px\" \/><\/div><\/li><li  class='avia-slideshow-slide av-laqfy6zd-e856433cf72d06e836f2c1cce49f2196__2  slide-3 slide-odd'><div data-rel='slideshow-1' class='avia-slide-wrap '   ><img alt=\"\" alt=\"\" decoding=\"async\" class=\"wp-image-17 avia-img-lazy-loading-not-17\"  src=\"https:\/\/www.gamringer-bedachungen.de\/wp-content\/uploads\/2022\/11\/img-20190708-130020-1500x430.jpg\" width=\"1500\" height=\"430\" title='' alt=''  itemprop=\"thumbnailUrl\" srcset=\"https:\/\/www.gamringer-bedachungen.de\/wp-content\/uploads\/2022\/11\/img-20190708-130020-1500x430.jpg 1500w, https:\/\/www.gamringer-bedachungen.de\/wp-content\/uploads\/2022\/11\/img-20190708-130020-300x86.jpg 300w, https:\/\/www.gamringer-bedachungen.de\/wp-content\/uploads\/2022\/11\/img-20190708-130020-1030x295.jpg 1030w, https:\/\/www.gamringer-bedachungen.de\/wp-content\/uploads\/2022\/11\/img-20190708-130020-768x220.jpg 768w, https:\/\/www.gamringer-bedachungen.de\/wp-content\/uploads\/2022\/11\/img-20190708-130020-1536x440.jpg 1536w, https:\/\/www.gamringer-bedachungen.de\/wp-content\/uploads\/2022\/11\/img-20190708-130020-705x202.jpg 705w, https:\/\/www.gamringer-bedachungen.de\/wp-content\/uploads\/2022\/11\/img-20190708-130020.jpg 1920w\" sizes=\"(max-width: 1500px) 100vw, 1500px\" \/><\/div><\/li><\/ul><div class='avia-slideshow-arrows avia-slideshow-controls' ><a href='#prev' class='prev-slide ' aria-hidden='true' data-av_icon='\ue87c' data-av_iconfont='entypo-fontello'  tabindex='-1'>Zur\u00fcck<\/a><a href='#next' class='next-slide ' aria-hidden='true' data-av_icon='\ue87d' data-av_iconfont='entypo-fontello'  tabindex='-1'>Weiter<\/a><\/div><div class='avia-slideshow-dots avia-slideshow-controls'><a href='#1' class='goto-slide active' >1<\/a><a href='#2' class='goto-slide ' >2<\/a><a href='#3' class='goto-slide ' >3<\/a><\/div><\/div><\/div>\n\n<style type=\"text\/css\" data-created_by=\"avia_inline_auto\" id=\"style-css-av-ltidf2ev-6c08ef94d0698c21b30893ac5574d035\">\n.avia-section.av-ltidf2ev-6c08ef94d0698c21b30893ac5574d035{\nbackground-color:#0082b9;\nbackground-image:unset;\n}\n<\/style>\n<div id='av_section_2'  class='avia-section av-ltidf2ev-6c08ef94d0698c21b30893ac5574d035 main_color avia-section-small avia-no-border-styling  avia-builder-el-2  el_after_av_slideshow_full  el_before_av_one_full  avia-bg-style-scroll container_wrap sidebar_right'  ><div class='container av-section-cont-open' ><div class='template-page content  av-content-small alpha units'><div class='post-entry post-entry-type-page post-entry-2'><div class='entry-content-wrapper clearfix'>\n<div class='flex_column av-4r9m-38c80e84ebca5a0b9d02ca4336c6e84c av_one_half  avia-builder-el-3  el_before_av_one_half  avia-builder-el-first  first flex_column_div '     ><style type=\"text\/css\" data-created_by=\"avia_inline_auto\" id=\"style-css-av-ltidc1fq-5cb5f78b94c5eda130462320ad517aa0\">\n#top .av_textblock_section.av-ltidc1fq-5cb5f78b94c5eda130462320ad517aa0 .avia_textblock{\nfont-size:20px;\ncolor:#ffffff;\n}\n<\/style>\n<section  class='av_textblock_section av-ltidc1fq-5cb5f78b94c5eda130462320ad517aa0'  itemscope=\"itemscope\" itemtype=\"https:\/\/schema.org\/CreativeWork\" ><div class='avia_textblock av_inherit_color'  itemprop=\"text\" ><p style=\"text-align: center;\">Unsere B\u00fcrozeiten: Mo. &#8211; Do. 9:00 bis 13:00 | Fr. 9:00 &#8211; 12:00<\/p>\n<\/div><\/section><\/div><div class='flex_column av-3e3m-4adb36b229623348bd99dc54591eaf90 av_one_half  avia-builder-el-5  el_after_av_one_half  avia-builder-el-last  flex_column_div '     ><style type=\"text\/css\" data-created_by=\"avia_inline_auto\" id=\"style-css-av-ltidcwdh-d3d4c6881e7a910571e0820ace8ee78b\">\n#top .av_textblock_section.av-ltidcwdh-d3d4c6881e7a910571e0820ace8ee78b .avia_textblock{\nfont-size:20px;\ncolor:#ffffff;\n}\n<\/style>\n<section  class='av_textblock_section av-ltidcwdh-d3d4c6881e7a910571e0820ace8ee78b'  itemscope=\"itemscope\" itemtype=\"https:\/\/schema.org\/CreativeWork\" ><div class='avia_textblock av_inherit_color'  itemprop=\"text\" ><p style=\"text-align: center;\"><strong>Telefon: 09464-911620<\/strong><\/p>\n<\/div><\/section><\/div>\n<\/div><\/div><\/div><!-- close content main div --><\/div><\/div><div id='after_section_2'  class='main_color av_default_container_wrap container_wrap sidebar_right'  ><div class='container av-section-cont-open' ><div class='template-page content  av-content-small alpha units'><div class='post-entry post-entry-type-page post-entry-2'><div class='entry-content-wrapper clearfix'>\n\n<style type=\"text\/css\" data-created_by=\"avia_inline_auto\" id=\"style-css-av-mloy2eul-f398b9ee03fd4186736dd76805a5ffb4\">\n.flex_column.av-mloy2eul-f398b9ee03fd4186736dd76805a5ffb4{\npadding:0 50px 0 50px;\n}\n<\/style>\n<div class='flex_column av-mloy2eul-f398b9ee03fd4186736dd76805a5ffb4 av_one_full  avia-builder-el-7  el_after_av_section  el_before_av_one_half  avia-builder-el-first  first flex_column_div '     ><style type=\"text\/css\" data-created_by=\"avia_inline_auto\" id=\"style-css-av-mloxsn54-dff713001120ad464d0b81f842e42f27\">\n#top .av_textblock_section.av-mloxsn54-dff713001120ad464d0b81f842e42f27 .avia_textblock{\ncolor:#00a0e0;\n}\n<\/style>\n<section  class='av_textblock_section av-mloxsn54-dff713001120ad464d0b81f842e42f27'  itemscope=\"itemscope\" itemtype=\"https:\/\/schema.org\/CreativeWork\" ><div class='avia_textblock av_inherit_color'  itemprop=\"text\" ><h1 style=\"text-align: center;\" data-start=\"337\" data-end=\"374\">Dachdecker, Flachdachabdichtung und Spenglerarbeiten<\/h1>\n<h1 style=\"text-align: center;\" data-start=\"337\" data-end=\"374\">Ihr Fachbetrieb f\u00fcr Dacharbeiten.<\/h1>\n<\/div><\/section><br \/>\n\n<style type=\"text\/css\" data-created_by=\"avia_inline_auto\" id=\"style-css-av-mloxtadp-7dd6571d20795f4c6c9434b863679388\">\n#top .av_textblock_section.av-mloxtadp-7dd6571d20795f4c6c9434b863679388 .avia_textblock{\nfont-size:18px;\n}\n<\/style>\n<section  class='av_textblock_section av-mloxtadp-7dd6571d20795f4c6c9434b863679388'  itemscope=\"itemscope\" itemtype=\"https:\/\/schema.org\/CreativeWork\" ><div class='avia_textblock'  itemprop=\"text\" ><p data-start=\"315\" data-end=\"689\">Als erfahrener Dachdecker in Roding stehen wir privaten und gewerblichen Kunden bei allen Arbeiten rund ums Dach zuverl\u00e4ssig zur Seite. Von der fachgerechten Flachdachabdichtung \u00fcber pr\u00e4zise Spenglerarbeiten bis hin zur umfassenden Dachsanierung erhalten Sie bei uns alle Leistungen aus einer Hand. Auch Balkon- und Terrassenabdichtungen f\u00fchren wir dauerhaft und sauber aus.<\/p>\n<p data-start=\"691\" data-end=\"853\">Wir betreuen Kunden im gesamten Raum Cham, Nittenau, Regensburg und Schwandorf und legen dabei gro\u00dfen Wert auf Qualit\u00e4t, Langlebigkeit und eine ehrliche Beratung.<\/p>\n<\/div><\/section><\/p><\/div><div class='flex_column av-5tsk-72e37d916711419e57c88fd3e49d1061 av_one_half  avia-builder-el-10  el_after_av_one_full  el_before_av_one_half  first flex_column_div column-top-margin'     ><style type=\"text\/css\" data-created_by=\"avia_inline_auto\" id=\"style-css-av-mloxvrez-f2241cf444cc66ceeec9e3923e45cb61\">\n#top .av_textblock_section.av-mloxvrez-f2241cf444cc66ceeec9e3923e45cb61 .avia_textblock{\ncolor:#666666;\n}\n<\/style>\n<section  class='av_textblock_section av-mloxvrez-f2241cf444cc66ceeec9e3923e45cb61'  itemscope=\"itemscope\" itemtype=\"https:\/\/schema.org\/CreativeWork\" ><div class='avia_textblock av_inherit_color'  itemprop=\"text\" ><h2 data-start=\"1046\" data-end=\"1066\">Unsere Leistungen als Dachdecker in Roding<\/h2>\n<\/div><\/section><br \/>\n\n<style type=\"text\/css\" data-created_by=\"avia_inline_auto\" id=\"style-css-av-mloxwevr-01e04cfa47b785d9d2e62e4b9a52618e\">\n#top .av_textblock_section.av-mloxwevr-01e04cfa47b785d9d2e62e4b9a52618e .avia_textblock{\nfont-size:15px;\n}\n<\/style>\n<section  class='av_textblock_section av-mloxwevr-01e04cfa47b785d9d2e62e4b9a52618e'  itemscope=\"itemscope\" itemtype=\"https:\/\/schema.org\/CreativeWork\" ><div class='avia_textblock'  itemprop=\"text\" ><ul>\n<li>Flachdachabdichtung<\/li>\n<li>Spenglerarbeiten<\/li>\n<li>Dachsanierung<\/li>\n<li>Balkonsanierung und Terrassenabdichtung<\/li>\n<li>Dachwartung<\/li>\n<li>Dachbegr\u00fcnung<\/li>\n<li>Fassadenarbeiten<\/li>\n<li>Dachentw\u00e4sserung<\/li>\n<\/ul>\n<\/div><\/section><\/p><\/div><div class='flex_column av-3rpc-6bdd74437ae9271fce4635751a68d52b av_one_half  avia-builder-el-13  el_after_av_one_half  el_before_av_section  avia-builder-el-last  flex_column_div column-top-margin'     ><style type=\"text\/css\" data-created_by=\"avia_inline_auto\" id=\"style-css-av-mloxypur-d0669f8b3164b19bb30980ae91e0f7dd\">\n#top .av_textblock_section.av-mloxypur-d0669f8b3164b19bb30980ae91e0f7dd .avia_textblock{\ncolor:#666666;\n}\n<\/style>\n<section  class='av_textblock_section av-mloxypur-d0669f8b3164b19bb30980ae91e0f7dd'  itemscope=\"itemscope\" itemtype=\"https:\/\/schema.org\/CreativeWork\" ><div class='avia_textblock av_inherit_color'  itemprop=\"text\" ><h3 data-start=\"1062\" data-end=\"1103\"><strong data-start=\"1062\" data-end=\"1103\">Ihr Dachdecker in Roding und Umgebung<\/strong><\/h3>\n<\/div><\/section><br \/>\n\n<style type=\"text\/css\" data-created_by=\"avia_inline_auto\" id=\"style-css-av-mloxzkt5-0954e5ae2718b953293e8b367cc54b6f\">\n#top .av_textblock_section.av-mloxzkt5-0954e5ae2718b953293e8b367cc54b6f .avia_textblock{\nfont-size:15px;\n}\n<\/style>\n<section  class='av_textblock_section av-mloxzkt5-0954e5ae2718b953293e8b367cc54b6f'  itemscope=\"itemscope\" itemtype=\"https:\/\/schema.org\/CreativeWork\" ><div class='avia_textblock'  itemprop=\"text\" ><p>Wir sind als Dachdecker im Raum Roding, Nittenau, Cham, Regensburg und Schwandorf t\u00e4tig.<\/p>\n<\/div><\/section><br \/>\n\n<style type=\"text\/css\" data-created_by=\"avia_inline_auto\" id=\"style-css-av-mloy0474-009f9480b0f6362f26ac9938cfddbc47\">\n#top .av_textblock_section.av-mloy0474-009f9480b0f6362f26ac9938cfddbc47 .avia_textblock{\ncolor:#666666;\n}\n<\/style>\n<section  class='av_textblock_section av-mloy0474-009f9480b0f6362f26ac9938cfddbc47'  itemscope=\"itemscope\" itemtype=\"https:\/\/schema.org\/CreativeWork\" ><div class='avia_textblock av_inherit_color'  itemprop=\"text\" ><h3 data-start=\"1651\" data-end=\"1698\">Qualit\u00e4t und Zuverl\u00e4ssigkeit vom Fachbetrieb<\/h3>\n<\/div><\/section><br \/>\n\n<style type=\"text\/css\" data-created_by=\"avia_inline_auto\" id=\"style-css-av-mloy0qei-1d6546d4b8ddcc69ea8688d266e7a9db\">\n#top .av_textblock_section.av-mloy0qei-1d6546d4b8ddcc69ea8688d266e7a9db .avia_textblock{\nfont-size:15px;\n}\n<\/style>\n<section  class='av_textblock_section av-mloy0qei-1d6546d4b8ddcc69ea8688d266e7a9db'  itemscope=\"itemscope\" itemtype=\"https:\/\/schema.org\/CreativeWork\" ><div class='avia_textblock'  itemprop=\"text\" ><p>Saubere Ausf\u00fchrung, hochwertige Materialien und eine termingerechte Umsetzung stehen bei uns im Mittelpunkt. Wir beraten Sie pers\u00f6nlich und finden f\u00fcr jedes Dach die passende L\u00f6sung.<\/p>\n<\/div><\/section><\/p><\/div><\/div><\/div><\/div><!-- close content main div --><\/div><\/div><div id='av_section_3'  class='avia-section av-9oy0-05816525fa2ec989cbc708ba0193fca6 main_color avia-section-default avia-no-border-styling  avia-builder-el-18  el_after_av_one_half  avia-builder-el-last  avia-bg-style-scroll container_wrap sidebar_right'  ><div class='container av-section-cont-open' ><div class='template-page content  av-content-small alpha units'><div class='post-entry post-entry-type-page post-entry-2'><div class='entry-content-wrapper clearfix'>\n<div class='flex_column av-7h0i-d48e425a44c1729a5d0ccbfd8d6110b5 av_one_third  avia-builder-el-19  el_before_av_one_third  avia-builder-el-first  first flex_column_div '     ><p>\n<style type=\"text\/css\" data-created_by=\"avia_inline_auto\" id=\"style-css-av-laqjwa7n-8ba382c65ca089ce82e6672522c96e09\">\n.avia-image-container.av-laqjwa7n-8ba382c65ca089ce82e6672522c96e09 img.avia_image{\nbox-shadow:none;\n}\n.avia-image-container.av-laqjwa7n-8ba382c65ca089ce82e6672522c96e09 .av-image-caption-overlay-center{\ncolor:#ffffff;\n}\n<\/style>\n<div  class='avia-image-container av-laqjwa7n-8ba382c65ca089ce82e6672522c96e09 av-styling- avia-align-center  avia-builder-el-20  el_before_av_button_big  avia-builder-el-no-sibling '   itemprop=\"image\" itemscope=\"itemscope\" itemtype=\"https:\/\/schema.org\/ImageObject\" ><div class=\"avia-image-container-inner\"><div class=\"avia-image-overlay-wrap\"><img alt=\"\" alt=\"\" decoding=\"async\" class='wp-image-88 avia-img-lazy-loading-not-88 avia_image ' src=\"https:\/\/www.gamringer-bedachungen.de\/wp-content\/uploads\/2022\/11\/dsc05434-300x225.jpg\" alt='' title=''  height=\"225\" width=\"300\"  itemprop=\"thumbnailUrl\" srcset=\"https:\/\/www.gamringer-bedachungen.de\/wp-content\/uploads\/2022\/11\/dsc05434-300x225.jpg 300w, https:\/\/www.gamringer-bedachungen.de\/wp-content\/uploads\/2022\/11\/dsc05434-768x576.jpg 768w, https:\/\/www.gamringer-bedachungen.de\/wp-content\/uploads\/2022\/11\/dsc05434-705x529.jpg 705w, https:\/\/www.gamringer-bedachungen.de\/wp-content\/uploads\/2022\/11\/dsc05434.jpg 800w\" sizes=\"(max-width: 300px) 100vw, 300px\" \/><\/div><\/div><\/div><br \/>\n<div  class='avia-button-wrap avia-button-center  avia-builder-el-21  el_after_av_image  avia-builder-el-last '>\n<style type=\"text\/css\" data-created_by=\"avia_inline_auto\" id=\"style-css-av-laqkpkxg-1c1ee1eb2ce4e27abed14f893aed4b99\">\n#top #wrap_all .avia-button.av-laqkpkxg-1c1ee1eb2ce4e27abed14f893aed4b99{\nmargin:20px 0 0 0;\n}\n#top #wrap_all .avia-button.av-laqkpkxg-1c1ee1eb2ce4e27abed14f893aed4b99:hover{\ncolor:white;\n-webkit-transition:all 0.4s ease-in-out;\n-moz-transition:all 0.4s ease-in-out;\n-ms-transition:all 0.4s ease-in-out;\n-o-transition:all 0.4s ease-in-out;\ntransition:all 0.4s ease-in-out;\n}\n<\/style>\n<a href='https:\/\/www.gamringer-bedachungen.de\/?page_id=42' class='avia-color-theme-color avia-font-color-theme-color avia-button avia-button-fullwidth av-laqkpkxg-1c1ee1eb2ce4e27abed14f893aed4b99 avia-icon_select-no avia-color-theme-color'  ><span class='avia_iconbox_title' >Referenzen<\/span><span class='avia_button_background avia-button avia-button-fullwidth avia-color-theme-color-highlight'><\/span><\/a><\/div><\/p><\/div><div class='flex_column av-4jya-d9e12bd2c2d3066cad91771e4a8c8cea av_one_third  avia-builder-el-22  el_after_av_one_third  el_before_av_one_third  flex_column_div '     ><p>\n<style type=\"text\/css\" data-created_by=\"avia_inline_auto\" id=\"style-css-av-laqjxkrc-c0722731d592aacad653fc6a6af0975f\">\n.avia-image-container.av-laqjxkrc-c0722731d592aacad653fc6a6af0975f img.avia_image{\nbox-shadow:none;\n}\n.avia-image-container.av-laqjxkrc-c0722731d592aacad653fc6a6af0975f .av-image-caption-overlay-center{\ncolor:#ffffff;\n}\n<\/style>\n<div  class='avia-image-container av-laqjxkrc-c0722731d592aacad653fc6a6af0975f av-styling- avia-align-center  avia-builder-el-23  el_before_av_button_big  avia-builder-el-no-sibling '   itemprop=\"image\" itemscope=\"itemscope\" itemtype=\"https:\/\/schema.org\/ImageObject\" ><div class=\"avia-image-container-inner\"><div class=\"avia-image-overlay-wrap\"><img alt=\"\" alt=\"\" decoding=\"async\" class='wp-image-78 avia-img-lazy-loading-not-78 avia_image ' src=\"https:\/\/www.gamringer-bedachungen.de\/wp-content\/uploads\/2022\/11\/img-20181102-wa0014-hilmer-wa-neutraubling-custom-300x225.jpg\" alt='' title=''  height=\"225\" width=\"300\"  itemprop=\"thumbnailUrl\" srcset=\"https:\/\/www.gamringer-bedachungen.de\/wp-content\/uploads\/2022\/11\/img-20181102-wa0014-hilmer-wa-neutraubling-custom-300x225.jpg 300w, https:\/\/www.gamringer-bedachungen.de\/wp-content\/uploads\/2022\/11\/img-20181102-wa0014-hilmer-wa-neutraubling-custom-768x576.jpg 768w, https:\/\/www.gamringer-bedachungen.de\/wp-content\/uploads\/2022\/11\/img-20181102-wa0014-hilmer-wa-neutraubling-custom-705x529.jpg 705w, https:\/\/www.gamringer-bedachungen.de\/wp-content\/uploads\/2022\/11\/img-20181102-wa0014-hilmer-wa-neutraubling-custom.jpg 800w\" sizes=\"(max-width: 300px) 100vw, 300px\" \/><\/div><\/div><\/div><br \/>\n<div  class='avia-button-wrap avia-button-center  avia-builder-el-24  el_after_av_image  avia-builder-el-last '>\n<style type=\"text\/css\" data-created_by=\"avia_inline_auto\" id=\"style-css-av-laqkjjgw-ba181bec2a56a37c58921d0424072b7e\">\n#top #wrap_all .avia-button.av-laqkjjgw-ba181bec2a56a37c58921d0424072b7e{\nmargin:20px 0 0 0;\n}\n#top #wrap_all .avia-button.av-laqkjjgw-ba181bec2a56a37c58921d0424072b7e:hover{\ncolor:white;\n-webkit-transition:all 0.4s ease-in-out;\n-moz-transition:all 0.4s ease-in-out;\n-ms-transition:all 0.4s ease-in-out;\n-o-transition:all 0.4s ease-in-out;\ntransition:all 0.4s ease-in-out;\n}\n<\/style>\n<a href='https:\/\/www.gamringer-bedachungen.de\/?page_id=27' class='avia-color-theme-color avia-font-color-theme-color avia-button avia-button-fullwidth av-laqkjjgw-ba181bec2a56a37c58921d0424072b7e avia-icon_select-no avia-color-theme-color'  ><span class='avia_iconbox_title' >\u00dcber uns<\/span><span class='avia_button_background avia-button avia-button-fullwidth avia-color-theme-color-highlight'><\/span><\/a><\/div><\/p><\/div><div class='flex_column av-389m-dfaf9ae201504e045978c1c446e265d6 av_one_third  avia-builder-el-25  el_after_av_one_third  avia-builder-el-last  flex_column_div '     ><p>\n<style type=\"text\/css\" data-created_by=\"avia_inline_auto\" id=\"style-css-av-laqk2ahk-43260871428779f8d70ed13f6b674ef2\">\n.avia-image-container.av-laqk2ahk-43260871428779f8d70ed13f6b674ef2 img.avia_image{\nbox-shadow:none;\n}\n.avia-image-container.av-laqk2ahk-43260871428779f8d70ed13f6b674ef2 .av-image-caption-overlay-center{\ncolor:#ffffff;\n}\n<\/style>\n<div  class='avia-image-container av-laqk2ahk-43260871428779f8d70ed13f6b674ef2 av-styling- avia-align-center  avia-builder-el-26  el_before_av_button_big  avia-builder-el-no-sibling '   itemprop=\"image\" itemscope=\"itemscope\" itemtype=\"https:\/\/schema.org\/ImageObject\" ><div class=\"avia-image-container-inner\"><div class=\"avia-image-overlay-wrap\"><img alt=\"\" alt=\"\" decoding=\"async\" class='wp-image-87 avia-img-lazy-loading-not-87 avia_image ' src=\"https:\/\/www.gamringer-bedachungen.de\/wp-content\/uploads\/2022\/11\/dsc05678-300x225.jpg\" alt='' title=''  height=\"225\" width=\"300\"  itemprop=\"thumbnailUrl\" srcset=\"https:\/\/www.gamringer-bedachungen.de\/wp-content\/uploads\/2022\/11\/dsc05678-300x225.jpg 300w, https:\/\/www.gamringer-bedachungen.de\/wp-content\/uploads\/2022\/11\/dsc05678-768x576.jpg 768w, https:\/\/www.gamringer-bedachungen.de\/wp-content\/uploads\/2022\/11\/dsc05678-705x529.jpg 705w, https:\/\/www.gamringer-bedachungen.de\/wp-content\/uploads\/2022\/11\/dsc05678.jpg 800w\" sizes=\"(max-width: 300px) 100vw, 300px\" \/><\/div><\/div><\/div><br \/>\n<div  class='avia-button-wrap avia-button-center  avia-builder-el-27  el_after_av_image  avia-builder-el-last '>\n<style type=\"text\/css\" data-created_by=\"avia_inline_auto\" id=\"style-css-av-laqkokqn-1b9fd2109f143cb19914b7498d42cc42\">\n#top #wrap_all .avia-button.av-laqkokqn-1b9fd2109f143cb19914b7498d42cc42{\nmargin:20px 0 0 0;\n}\n#top #wrap_all .avia-button.av-laqkokqn-1b9fd2109f143cb19914b7498d42cc42:hover{\ncolor:white;\n-webkit-transition:all 0.4s ease-in-out;\n-moz-transition:all 0.4s ease-in-out;\n-ms-transition:all 0.4s ease-in-out;\n-o-transition:all 0.4s ease-in-out;\ntransition:all 0.4s ease-in-out;\n}\n<\/style>\n<a href='https:\/\/www.gamringer-bedachungen.de\/?page_id=38' class='avia-color-theme-color avia-font-color-theme-color avia-button avia-button-fullwidth av-laqkokqn-1b9fd2109f143cb19914b7498d42cc42 avia-icon_select-no avia-color-theme-color'  ><span class='avia_iconbox_title' >Leistungen<\/span><span class='avia_button_background avia-button avia-button-fullwidth avia-color-theme-color-highlight'><\/span><\/a><\/div><\/p><\/div>\n<\/div><\/div><\/div><!-- close content main div --><\/div><\/div><div id='after_section_3'  class='main_color av_default_container_wrap container_wrap sidebar_right'  ><div class='container av-section-cont-open' ><div class='template-page content  av-content-small alpha units'><div class='post-entry post-entry-type-page post-entry-2'><div class='entry-content-wrapper clearfix'><\/p>\n","protected":false},"excerpt":{"rendered":"","protected":false},"author":1,"featured_media":0,"parent":0,"menu_order":0,"comment_status":"closed","ping_status":"open","template":"","meta":{"_seopress_robots_primary_cat":"","_seopress_titles_title":"","_seopress_titles_desc":"","_seopress_robots_index":"","footnotes":""},"class_list":["post-2","page","type-page","status-publish","hentry"],"_links":{"self":[{"href":"https:\/\/www.gamringer-bedachungen.de\/index.php?rest_route=\/wp\/v2\/pages\/2","targetHints":{"allow":["GET"]}}],"collection":[{"href":"https:\/\/www.gamringer-bedachungen.de\/index.php?rest_route=\/wp\/v2\/pages"}],"about":[{"href":"https:\/\/www.gamringer-bedachungen.de\/index.php?rest_route=\/wp\/v2\/types\/page"}],"author":[{"embeddable":true,"href":"https:\/\/www.gamringer-bedachungen.de\/index.php?rest_route=\/wp\/v2\/users\/1"}],"replies":[{"embeddable":true,"href":"https:\/\/www.gamringer-bedachungen.de\/index.php?rest_route=%2Fwp%2Fv2%2Fcomments&post=2"}],"version-history":[{"count":36,"href":"https:\/\/www.gamringer-bedachungen.de\/index.php?rest_route=\/wp\/v2\/pages\/2\/revisions"}],"predecessor-version":[{"id":235,"href":"https:\/\/www.gamringer-bedachungen.de\/index.php?rest_route=\/wp\/v2\/pages\/2\/revisions\/235"}],"wp:attachment":[{"href":"https:\/\/www.gamringer-bedachungen.de\/index.php?rest_route=%2Fwp%2Fv2%2Fmedia&parent=2"}],"curies":[{"name":"wp","href":"https:\/\/api.w.org\/{rel}","templated":true}]}}